{"id":2162,"date":"2014-12-28T00:42:43","date_gmt":"2014-12-28T00:42:43","guid":{"rendered":"https:\/\/apotekrestaurant.is\/about-apotek\/"},"modified":"2024-01-30T14:55:31","modified_gmt":"2024-01-30T14:55:31","slug":"about-apotek","status":"publish","type":"page","link":"https:\/\/apotekrestaurant.is\/en\/about-apotek\/","title":{"rendered":"ABOUT APOTEK"},"content":{"rendered":"<p>Apotek Kitchen + bar is an exciting restaurant located in one of the most beautiful corners of Reykjav\u00edk.<\/p>\n<p>The restaurant is casual-smart, offering delicious food in vibrant atmosphere and stylish surroundings.<\/p>\n<p>The menu is a fun mix of Icelandic and European cuisine with a smoking hot Argentinean grill. Dishes are designed to share and enjoy together.<\/p>\n<p>Stop by our\u00a0lively cocktail bar where award winning \u201c pharmacists\u201d mix together exciting artisan cocktails to suit every mood; painkillers, stimulants, tranquillisers and even placebos.<\/p>\n<p>Apotek \u00a0is located at Austurstr\u00e6ti 16, one of the first large concrete buildings in Iceland. The building is known as \u201cApoteki\u00f0\u201d or \u201cthe pharmacy\u201d because it housed Reykjav\u00edkurapotek from 1930 to 1999.<\/p>\n<p>It was designed by the one-time state architect of Iceland, Gu\u00f0j\u00f3n Sam\u00faelsson (1887-1950). Sam\u00faelsson was a respected architect and he designed several of the more majestic buildings in the Reykjav\u00edk during his career. He was also known for mixing different trends and styles in his design, and the influences in the building range from Art Nouveau, Danish Nationalist Romanticism with curved lines, poles, marble stairs and statues used for decorations.<\/p>\n<p>The design duo Leifur Welding &amp; Brynhildur Gu\u00f0laugsd\u00f3ttir designed Apotek kitchen +bar. The concept of the design was keeping the integrity of the building and it\u2019s history while creating a modern, fun and relaxed atmosphere. There are many original features in the restaurant old restored wood wall panels, original marble and wall d\u00e9cor.<\/p>\n<p>Our kitchen is full of Icelands most talented chefs lead by the head chef <strong>M\u00f3nika Sif Gunnarsd\u00f3ttir.<\/strong><\/p>\n<p>&nbsp;<\/p>\n","protected":false},"excerpt":{"rendered":"<p>Apotek Kitchen + bar is an exciting restaurant located in one of the most beautiful corners of Reykjav\u00edk. The restaurant is casual-smart, offering delicious food in vibrant atmosphere and stylish surroundings. The menu is a fun mix of Icelandic and European cuisine with a smoking hot Argentinean grill. Dishes are designed to share and enjoy [&hellip;]<\/p>\n","protected":false},"author":1,"featured_media":0,"parent":0,"menu_order":6,"comment_status":"closed","ping_status":"open","template":"","meta":{"_acf_changed":false,"footnotes":""},"class_list":["post-2162","page","type-page","status-publish","hentry"],"acf":[],"yoast_head":"<!-- This site is optimized with the Yoast SEO plugin v27.4 - https:\/\/yoast.com\/product\/yoast-seo-wordpress\/ -->\n<title>ABOUT APOTEK - Apotek<\/title>\n<meta name=\"robots\" content=\"index, follow, max-snippet:-1, max-image-preview:large, max-video-preview:-1\" \/>\n<link rel=\"canonical\" href=\"https:\/\/apotekrestaurant.is\/en\/about-apotek\/\" \/>\n<meta property=\"og:locale\" content=\"en_US\" \/>\n<meta property=\"og:type\" content=\"article\" \/>\n<meta property=\"og:title\" content=\"ABOUT APOTEK - Apotek\" \/>\n<meta property=\"og:description\" content=\"Apotek Kitchen + bar is an exciting restaurant located in one of the most beautiful corners of Reykjav\u00edk. The restaurant is casual-smart, offering delicious food in vibrant atmosphere and stylish surroundings. The menu is a fun mix of Icelandic and European cuisine with a smoking hot Argentinean grill. Dishes are designed to share and enjoy [&hellip;]\" \/>\n<meta property=\"og:url\" content=\"https:\/\/apotekrestaurant.is\/en\/about-apotek\/\" \/>\n<meta property=\"og:site_name\" content=\"Apotek\" \/>\n<meta property=\"article:modified_time\" content=\"2024-01-30T14:55:31+00:00\" \/>\n<meta name=\"twitter:card\" content=\"summary_large_image\" \/>\n<meta name=\"twitter:label1\" content=\"Est. reading time\" \/>\n\t<meta name=\"twitter:data1\" content=\"2 minutes\" \/>\n<script type=\"application\/ld+json\" class=\"yoast-schema-graph\">{\"@context\":\"https:\\\/\\\/schema.org\",\"@graph\":[{\"@type\":\"WebPage\",\"@id\":\"https:\\\/\\\/apotekrestaurant.is\\\/en\\\/about-apotek\\\/\",\"url\":\"https:\\\/\\\/apotekrestaurant.is\\\/en\\\/about-apotek\\\/\",\"name\":\"ABOUT APOTEK - Apotek\",\"isPartOf\":{\"@id\":\"https:\\\/\\\/apotekrestaurant.is\\\/en\\\/#website\"},\"datePublished\":\"2014-12-28T00:42:43+00:00\",\"dateModified\":\"2024-01-30T14:55:31+00:00\",\"breadcrumb\":{\"@id\":\"https:\\\/\\\/apotekrestaurant.is\\\/en\\\/about-apotek\\\/#breadcrumb\"},\"inLanguage\":\"en-US\",\"potentialAction\":[{\"@type\":\"ReadAction\",\"target\":[\"https:\\\/\\\/apotekrestaurant.is\\\/en\\\/about-apotek\\\/\"]}]},{\"@type\":\"BreadcrumbList\",\"@id\":\"https:\\\/\\\/apotekrestaurant.is\\\/en\\\/about-apotek\\\/#breadcrumb\",\"itemListElement\":[{\"@type\":\"ListItem\",\"position\":1,\"name\":\"Home\",\"item\":\"https:\\\/\\\/apotekrestaurant.is\\\/en\\\/\"},{\"@type\":\"ListItem\",\"position\":2,\"name\":\"ABOUT APOTEK\"}]},{\"@type\":\"WebSite\",\"@id\":\"https:\\\/\\\/apotekrestaurant.is\\\/en\\\/#website\",\"url\":\"https:\\\/\\\/apotekrestaurant.is\\\/en\\\/\",\"name\":\"Apotek\",\"description\":\"Restaurant\",\"potentialAction\":[{\"@type\":\"SearchAction\",\"target\":{\"@type\":\"EntryPoint\",\"urlTemplate\":\"https:\\\/\\\/apotekrestaurant.is\\\/en\\\/?s={search_term_string}\"},\"query-input\":{\"@type\":\"PropertyValueSpecification\",\"valueRequired\":true,\"valueName\":\"search_term_string\"}}],\"inLanguage\":\"en-US\"}]}<\/script>\n<!-- \/ Yoast SEO plugin. -->","yoast_head_json":{"title":"ABOUT APOTEK - Apotek","robots":{"index":"index","follow":"follow","max-snippet":"max-snippet:-1","max-image-preview":"max-image-preview:large","max-video-preview":"max-video-preview:-1"},"canonical":"https:\/\/apotekrestaurant.is\/en\/about-apotek\/","og_locale":"en_US","og_type":"article","og_title":"ABOUT APOTEK - Apotek","og_description":"Apotek Kitchen + bar is an exciting restaurant located in one of the most beautiful corners of Reykjav\u00edk. The restaurant is casual-smart, offering delicious food in vibrant atmosphere and stylish surroundings. The menu is a fun mix of Icelandic and European cuisine with a smoking hot Argentinean grill. Dishes are designed to share and enjoy [&hellip;]","og_url":"https:\/\/apotekrestaurant.is\/en\/about-apotek\/","og_site_name":"Apotek","article_modified_time":"2024-01-30T14:55:31+00:00","twitter_card":"summary_large_image","twitter_misc":{"Est. reading time":"2 minutes"},"schema":{"@context":"https:\/\/schema.org","@graph":[{"@type":"WebPage","@id":"https:\/\/apotekrestaurant.is\/en\/about-apotek\/","url":"https:\/\/apotekrestaurant.is\/en\/about-apotek\/","name":"ABOUT APOTEK - Apotek","isPartOf":{"@id":"https:\/\/apotekrestaurant.is\/en\/#website"},"datePublished":"2014-12-28T00:42:43+00:00","dateModified":"2024-01-30T14:55:31+00:00","breadcrumb":{"@id":"https:\/\/apotekrestaurant.is\/en\/about-apotek\/#breadcrumb"},"inLanguage":"en-US","potentialAction":[{"@type":"ReadAction","target":["https:\/\/apotekrestaurant.is\/en\/about-apotek\/"]}]},{"@type":"BreadcrumbList","@id":"https:\/\/apotekrestaurant.is\/en\/about-apotek\/#breadcrumb","itemListElement":[{"@type":"ListItem","position":1,"name":"Home","item":"https:\/\/apotekrestaurant.is\/en\/"},{"@type":"ListItem","position":2,"name":"ABOUT APOTEK"}]},{"@type":"WebSite","@id":"https:\/\/apotekrestaurant.is\/en\/#website","url":"https:\/\/apotekrestaurant.is\/en\/","name":"Apotek","description":"Restaurant","potentialAction":[{"@type":"SearchAction","target":{"@type":"EntryPoint","urlTemplate":"https:\/\/apotekrestaurant.is\/en\/?s={search_term_string}"},"query-input":{"@type":"PropertyValueSpecification","valueRequired":true,"valueName":"search_term_string"}}],"inLanguage":"en-US"}]}},"_links":{"self":[{"href":"https:\/\/apotekrestaurant.is\/en\/wp-json\/wp\/v2\/pages\/2162","targetHints":{"allow":["GET"]}}],"collection":[{"href":"https:\/\/apotekrestaurant.is\/en\/wp-json\/wp\/v2\/pages"}],"about":[{"href":"https:\/\/apotekrestaurant.is\/en\/wp-json\/wp\/v2\/types\/page"}],"author":[{"embeddable":true,"href":"https:\/\/apotekrestaurant.is\/en\/wp-json\/wp\/v2\/users\/1"}],"replies":[{"embeddable":true,"href":"https:\/\/apotekrestaurant.is\/en\/wp-json\/wp\/v2\/comments?post=2162"}],"version-history":[{"count":2,"href":"https:\/\/apotekrestaurant.is\/en\/wp-json\/wp\/v2\/pages\/2162\/revisions"}],"predecessor-version":[{"id":3690,"href":"https:\/\/apotekrestaurant.is\/en\/wp-json\/wp\/v2\/pages\/2162\/revisions\/3690"}],"wp:attachment":[{"href":"https:\/\/apotekrestaurant.is\/en\/wp-json\/wp\/v2\/media?parent=2162"}],"curies":[{"name":"wp","href":"https:\/\/api.w.org\/{rel}","templated":true}]}}